{"id":627,"date":"2023-08-26T18:28:06","date_gmt":"2023-08-26T16:28:06","guid":{"rendered":"https:\/\/highlightspirit.fr\/?post_type=product&#038;p=627"},"modified":"2023-08-26T18:34:52","modified_gmt":"2023-08-26T16:34:52","slug":"cartes-entretien-dembauche","status":"publish","type":"product","link":"https:\/\/highlightspirit.fr\/index.php\/produit\/cartes-entretien-dembauche\/","title":{"rendered":"Cartes entretien d&#8217;embauche"},"content":{"rendered":"<p>Ce jeu de carte cr\u00e9\u00e9 \u00e0 partir d&rsquo;une recherche pouss\u00e9e sur les questions pos\u00e9es en entretien d&#8217;embauche est l\u00e0 pour permettre \u00e0 tous de se pr\u00e9parer de mani\u00e8re op\u00e9rationnelle aux \u00e9preuves des entretiens mais sert \u00e9galement \u00e0 mieux se conna\u00eetre. Vous trouverez donc dans ce jeu les questions mais \u00e9galement les indices qui vous permettront d&rsquo;y r\u00e9pondre.<\/p>\n","protected":false},"excerpt":{"rendered":"<p>Un jeu de carte qui vous permettra de vous lib\u00e9rer de la peur des entretiens d&#8217;embauche en vous y pr\u00e9parant gr\u00e2ce \u00e0 des questions et des indices de r\u00e9ponses.<\/p>\n","protected":false},"featured_media":629,"comment_status":"open","ping_status":"closed","template":"","meta":{"kt_blocks_editor_width":"","_kad_post_transparent":"default","_kad_post_title":"","_kad_post_layout":"default","_kad_post_sidebar_id":"","_kad_post_content_style":"default","_kad_post_vertical_padding":"default","_kad_post_feature":"","_kad_post_feature_position":"","_kad_post_header":false,"_kad_post_footer":false},"product_cat":[26],"product_tag":[],"_links":{"self":[{"href":"https:\/\/highlightspirit.fr\/index.php\/wp-json\/wp\/v2\/product\/627"}],"collection":[{"href":"https:\/\/highlightspirit.fr\/index.php\/wp-json\/wp\/v2\/product"}],"about":[{"href":"https:\/\/highlightspirit.fr\/index.php\/wp-json\/wp\/v2\/types\/product"}],"replies":[{"embeddable":true,"href":"https:\/\/highlightspirit.fr\/index.php\/wp-json\/wp\/v2\/comments?post=627"}],"wp:featuredmedia":[{"embeddable":true,"href":"https:\/\/highlightspirit.fr\/index.php\/wp-json\/wp\/v2\/media\/629"}],"wp:attachment":[{"href":"https:\/\/highlightspirit.fr\/index.php\/wp-json\/wp\/v2\/media?parent=627"}],"wp:term":[{"taxonomy":"product_cat","embeddable":true,"href":"https:\/\/highlightspirit.fr\/index.php\/wp-json\/wp\/v2\/product_cat?post=627"},{"taxonomy":"product_tag","embeddable":true,"href":"https:\/\/highlightspirit.fr\/index.php\/wp-json\/wp\/v2\/product_tag?post=627"}],"curies":[{"name":"wp","href":"https:\/\/api.w.org\/{rel}","templated":true}]}}