{"id":97,"date":"2021-10-21T13:38:53","date_gmt":"2021-10-21T11:38:53","guid":{"rendered":"https:\/\/highlightspirit.fr\/?page_id=97"},"modified":"2022-11-15T18:18:50","modified_gmt":"2022-11-15T17:18:50","slug":"comprendre-ce-quest-la-trame","status":"publish","type":"page","link":"https:\/\/highlightspirit.fr\/index.php\/comprendre-ce-quest-la-trame\/","title":{"rendered":"Magn\u00e9tisme"},"content":{"rendered":"\n<figure class=\"wp-block-audio\"><audio controls src=\"https:\/\/highlightspirit.fr\/wp-content\/uploads\/2021\/10\/One_of_Best_Piano_Song_ever_Une_des_plus_belles_.mp3\" autoplay loop><\/audio><\/figure>\n\n\n\n<div class=\"wp-block-image\"><figure class=\"aligncenter size-large is-resized\"><img decoding=\"async\" loading=\"lazy\" src=\"https:\/\/highlightspirit.fr\/wp-content\/uploads\/2022\/07\/pexels-arina-krasnikova-6998275-683x1024.jpg\" alt=\"\" class=\"wp-image-402\" width=\"552\" height=\"828\" srcset=\"https:\/\/highlightspirit.fr\/wp-content\/uploads\/2022\/07\/pexels-arina-krasnikova-6998275-683x1024.jpg 683w, https:\/\/highlightspirit.fr\/wp-content\/uploads\/2022\/07\/pexels-arina-krasnikova-6998275-scaled-600x899.jpg 600w, https:\/\/highlightspirit.fr\/wp-content\/uploads\/2022\/07\/pexels-arina-krasnikova-6998275-200x300.jpg 200w, https:\/\/highlightspirit.fr\/wp-content\/uploads\/2022\/07\/pexels-arina-krasnikova-6998275-768x1151.jpg 768w, https:\/\/highlightspirit.fr\/wp-content\/uploads\/2022\/07\/pexels-arina-krasnikova-6998275-1025x1536.jpg 1025w, https:\/\/highlightspirit.fr\/wp-content\/uploads\/2022\/07\/pexels-arina-krasnikova-6998275-1367x2048.jpg 1367w, https:\/\/highlightspirit.fr\/wp-content\/uploads\/2022\/07\/pexels-arina-krasnikova-6998275-scaled.jpg 1709w\" sizes=\"(max-width: 552px) 100vw, 552px\" \/><\/figure><\/div>\n\n\n\n<p>Le magn\u00e9tisme permet de soulager le mal \u00eatre, les douleurs physiques pour aller vers un bien \u00eatre mental, physique et spirituel. <\/p>\n\n\n\n<p>Peu de mots seront \u00e9crits pour d\u00e9crire ce soin car tout est dans les mains et dans l&rsquo;intention que je mets dans chaque soin pour aider l&rsquo;autre \u00e0 se sentir mieux, \u00e0 d\u00e9passer certaines peurs, anxi\u00e9t\u00e9s, \u00e0 ouvrir les yeux sur des traumatismes pass\u00e9s pour les d\u00e9passer et acc\u00e9der davantage \u00e0 soi, \u00e0 l&rsquo;ETRE.<\/p>\n","protected":false},"excerpt":{"rendered":"<p>Le magn\u00e9tisme permet de soulager le mal \u00eatre, les douleurs physiques pour aller vers un bien \u00eatre mental, physique et spirituel. Peu de mots seront \u00e9crits pour d\u00e9crire ce soin car tout est dans les mains et dans l&rsquo;intention que je mets dans chaque soin pour aider l&rsquo;autre \u00e0 se sentir mieux, \u00e0 d\u00e9passer certaines&#8230;<\/p>\n","protected":false},"author":1,"featured_media":0,"parent":0,"menu_order":0,"comment_status":"closed","ping_status":"closed","template":"","meta":{"kt_blocks_editor_width":"","_kad_post_transparent":"","_kad_post_title":"","_kad_post_layout":"","_kad_post_sidebar_id":"","_kad_post_content_style":"","_kad_post_vertical_padding":"","_kad_post_feature":"","_kad_post_feature_position":"","_kad_post_header":false,"_kad_post_footer":false},"_links":{"self":[{"href":"https:\/\/highlightspirit.fr\/index.php\/wp-json\/wp\/v2\/pages\/97"}],"collection":[{"href":"https:\/\/highlightspirit.fr\/index.php\/wp-json\/wp\/v2\/pages"}],"about":[{"href":"https:\/\/highlightspirit.fr\/index.php\/wp-json\/wp\/v2\/types\/page"}],"author":[{"embeddable":true,"href":"https:\/\/highlightspirit.fr\/index.php\/wp-json\/wp\/v2\/users\/1"}],"replies":[{"embeddable":true,"href":"https:\/\/highlightspirit.fr\/index.php\/wp-json\/wp\/v2\/comments?post=97"}],"version-history":[{"count":10,"href":"https:\/\/highlightspirit.fr\/index.php\/wp-json\/wp\/v2\/pages\/97\/revisions"}],"predecessor-version":[{"id":574,"href":"https:\/\/highlightspirit.fr\/index.php\/wp-json\/wp\/v2\/pages\/97\/revisions\/574"}],"wp:attachment":[{"href":"https:\/\/highlightspirit.fr\/index.php\/wp-json\/wp\/v2\/media?parent=97"}],"curies":[{"name":"wp","href":"https:\/\/api.w.org\/{rel}","templated":true}]}}