{"id":525,"date":"2022-11-01T18:42:22","date_gmt":"2022-11-01T17:42:22","guid":{"rendered":"https:\/\/highlightspirit.fr\/?page_id=525"},"modified":"2023-08-28T15:18:52","modified_gmt":"2023-08-28T13:18:52","slug":"coaching-professionnel","status":"publish","type":"page","link":"https:\/\/highlightspirit.fr\/index.php\/coaching-professionnel\/","title":{"rendered":"Coaching professionnel"},"content":{"rendered":"\t\t<div data-elementor-type=\"wp-page\" data-elementor-id=\"525\" class=\"elementor elementor-525\" data-elementor-settings=\"[]\">\n\t\t\t\t\t\t\t<div class=\"elementor-section-wrap\">\n\t\t\t\t\t\t\t<section class=\"elementor-section elementor-top-section elementor-element elementor-element-231fbe9e elementor-section-boxed elementor-section-height-default elementor-section-height-default\" data-id=\"231fbe9e\" data-element_type=\"section\">\n\t\t\t\t\t\t<div class=\"elementor-container elementor-column-gap-default\">\n\t\t\t\t\t<div class=\"elementor-column elementor-col-100 elementor-top-column elementor-element elementor-element-65218af7\" data-id=\"65218af7\" data-element_type=\"column\">\n\t\t\t<div class=\"elementor-widget-wrap elementor-element-populated\">\n\t\t\t\t\t\t\t\t<div class=\"elementor-element elementor-element-6eeb5c73 elementor-widget elementor-widget-text-editor\" data-id=\"6eeb5c73\" data-element_type=\"widget\" data-widget_type=\"text-editor.default\">\n\t\t\t\t<div class=\"elementor-widget-container\">\n\t\t\t\t\t\t\t<p><!-- wp:kadence\/advancedgallery {\"uniqueID\":\"_3f371d-ac\",\"ids\":[527,528],\"align\":\"left\"} --><\/p>\n<div class=\"wp-block-kadence-advancedgallery alignleft kb-gallery-wrap-id-_3f371d-ac\">\n<ul class=\"kb-gallery-ul kb-gallery-type-masonry kb-masonry-init kb-gallery-id-_3f371d-ac kb-gallery-caption-style-bottom-hover kb-gallery-filter-none\" data-item-selector=\".kadence-blocks-gallery-item\" data-image-filter=\"none\" data-lightbox-caption=\"true\" data-columns-xxl=\"3\" data-columns-xl=\"3\" data-columns-lg=\"3\" data-columns-md=\"2\" data-columns-sm=\"1\" data-columns-xs=\"1\">\n<li class=\"kadence-blocks-gallery-item\">\n<div class=\"kadence-blocks-gallery-item-inner\">\n<figure class=\"kb-gallery-figure kadence-blocks-gallery-item-hide-caption\">\n<div class=\"kb-gal-image-radius\" style=\"max-width:1024px\">\n<div class=\"kb-gallery-image-contain kadence-blocks-gallery-intrinsic\" style=\"padding-bottom:66.69921875%\"><img decoding=\"async\" loading=\"lazy\" src=\"https:\/\/highlightspirit.fr\/wp-content\/uploads\/2022\/11\/pexels-shvets-production-7176026-1-1024x683.jpg\" width=\"1024\" height=\"683\" alt=\"\" data-full-image=\"https:\/\/highlightspirit.fr\/wp-content\/uploads\/2022\/11\/pexels-shvets-production-7176026-1-scaled.jpg\" data-light-image=\"https:\/\/highlightspirit.fr\/wp-content\/uploads\/2022\/11\/pexels-shvets-production-7176026-1-scaled.jpg\" data-id=\"527\" data-link=\"https:\/\/highlightspirit.fr\/?attachment_id=527\" class=\"wp-image-527undefined\" srcset=\"https:\/\/highlightspirit.fr\/wp-content\/uploads\/2022\/11\/pexels-shvets-production-7176026-1-1024x683.jpg 1024w, https:\/\/highlightspirit.fr\/wp-content\/uploads\/2022\/11\/pexels-shvets-production-7176026-1-scaled-600x400.jpg 600w, https:\/\/highlightspirit.fr\/wp-content\/uploads\/2022\/11\/pexels-shvets-production-7176026-1-300x200.jpg 300w, https:\/\/highlightspirit.fr\/wp-content\/uploads\/2022\/11\/pexels-shvets-production-7176026-1-768x512.jpg 768w, https:\/\/highlightspirit.fr\/wp-content\/uploads\/2022\/11\/pexels-shvets-production-7176026-1-1536x1024.jpg 1536w, https:\/\/highlightspirit.fr\/wp-content\/uploads\/2022\/11\/pexels-shvets-production-7176026-1-2048x1365.jpg 2048w\" sizes=\"(max-width: 1024px) 100vw, 1024px\" \/><\/div>\n<\/div>\n<\/figure>\n<\/div>\n<\/li>\n<li class=\"kadence-blocks-gallery-item\">\n<div class=\"kadence-blocks-gallery-item-inner\">\n<figure class=\"kb-gallery-figure kadence-blocks-gallery-item-hide-caption\">\n<div class=\"kb-gal-image-radius\" style=\"max-width:1024px\">\n<div class=\"kb-gallery-image-contain kadence-blocks-gallery-intrinsic\" style=\"padding-bottom:66.69921875%\"><img decoding=\"async\" loading=\"lazy\" src=\"https:\/\/highlightspirit.fr\/wp-content\/uploads\/2022\/11\/pexels-anna-tarazevich-5598301-1024x683.jpg\" width=\"1024\" height=\"683\" alt=\"\" data-full-image=\"https:\/\/highlightspirit.fr\/wp-content\/uploads\/2022\/11\/pexels-anna-tarazevich-5598301-scaled.jpg\" data-light-image=\"https:\/\/highlightspirit.fr\/wp-content\/uploads\/2022\/11\/pexels-anna-tarazevich-5598301-scaled.jpg\" data-id=\"528\" data-link=\"https:\/\/highlightspirit.fr\/?attachment_id=528\" class=\"wp-image-528undefined\" srcset=\"https:\/\/highlightspirit.fr\/wp-content\/uploads\/2022\/11\/pexels-anna-tarazevich-5598301-1024x683.jpg 1024w, https:\/\/highlightspirit.fr\/wp-content\/uploads\/2022\/11\/pexels-anna-tarazevich-5598301-scaled-600x400.jpg 600w, https:\/\/highlightspirit.fr\/wp-content\/uploads\/2022\/11\/pexels-anna-tarazevich-5598301-300x200.jpg 300w, https:\/\/highlightspirit.fr\/wp-content\/uploads\/2022\/11\/pexels-anna-tarazevich-5598301-768x512.jpg 768w, https:\/\/highlightspirit.fr\/wp-content\/uploads\/2022\/11\/pexels-anna-tarazevich-5598301-1536x1024.jpg 1536w, https:\/\/highlightspirit.fr\/wp-content\/uploads\/2022\/11\/pexels-anna-tarazevich-5598301-2048x1365.jpg 2048w\" sizes=\"(max-width: 1024px) 100vw, 1024px\" \/><\/div>\n<\/div>\n<\/figure>\n<\/div>\n<\/li>\n<\/ul>\n<\/div>\n<p><!-- \/wp:kadence\/advancedgallery --><\/p>\n<p><!-- wp:paragraph --><\/p>\n<p>Passionn\u00e9e depuis 15 ans de formation, d\u00e9veloppement personnel, enseignement et communication, j&rsquo;ai fait le choix de permettre \u00e0 ceux qui veulent booster leur carri\u00e8re de les coacher afin d&rsquo;optimiser leur candidature, leur pr\u00e9sentation dans le but de s&rsquo;\u00e9panouir et d&rsquo;\u00e9quilibrer vie personnelle et vie professionnelle.<\/p>\n<p><!-- \/wp:paragraph --><\/p>\n<p><!-- wp:paragraph --><\/p>\n<p>Choisir mes services, c&rsquo;est choisir une oreille attentive, un accueil dynamique et une analyse rapide de vos besoins afin d&rsquo;y r\u00e9pondre.<\/p>\n<p><!-- \/wp:paragraph --><\/p>\n<p><!-- wp:paragraph --><\/p>\n<p>Mes prestations :&nbsp;<\/p><ul>\n<li>Coaching en r\u00e9alisation de CV ou r\u00e9alisation int\u00e9grale de votre CV <\/li>\n<li>Coaching en r\u00e9alisation de lettres de motivation ou r\u00e9alisation int\u00e9grale de votre lettre de motivation <\/li>\n<li>Coaching et pr\u00e9paration optimale aux entretiens d&#8217;embauche<\/li>\n<\/ul>\n<p><!-- \/wp:list --><\/p>\t\t\t\t\t\t<\/div>\n\t\t\t\t<\/div>\n\t\t\t\t\t<\/div>\n\t\t<\/div>\n\t\t\t\t\t\t\t<\/div>\n\t\t<\/section>\n\t\t\t\t\t\t<\/div>\n\t\t\t\t\t<\/div>\n\t\t","protected":false},"excerpt":{"rendered":"<p>Passionn\u00e9e depuis 15 ans de formation, d\u00e9veloppement personnel, enseignement et communication, j&rsquo;ai fait le choix de permettre \u00e0 ceux qui veulent booster leur carri\u00e8re de les coacher afin d&rsquo;optimiser leur candidature, leur pr\u00e9sentation dans le but de s&rsquo;\u00e9panouir et d&rsquo;\u00e9quilibrer vie personnelle et vie professionnelle. Choisir mes services, c&rsquo;est choisir une oreille attentive, un accueil&#8230;<\/p>\n","protected":false},"author":1,"featured_media":0,"parent":0,"menu_order":0,"comment_status":"closed","ping_status":"closed","template":"","meta":{"kt_blocks_editor_width":"","_kad_post_transparent":"","_kad_post_title":"","_kad_post_layout":"","_kad_post_sidebar_id":"","_kad_post_content_style":"","_kad_post_vertical_padding":"","_kad_post_feature":"","_kad_post_feature_position":"","_kad_post_header":false,"_kad_post_footer":false},"_links":{"self":[{"href":"https:\/\/highlightspirit.fr\/index.php\/wp-json\/wp\/v2\/pages\/525"}],"collection":[{"href":"https:\/\/highlightspirit.fr\/index.php\/wp-json\/wp\/v2\/pages"}],"about":[{"href":"https:\/\/highlightspirit.fr\/index.php\/wp-json\/wp\/v2\/types\/page"}],"author":[{"embeddable":true,"href":"https:\/\/highlightspirit.fr\/index.php\/wp-json\/wp\/v2\/users\/1"}],"replies":[{"embeddable":true,"href":"https:\/\/highlightspirit.fr\/index.php\/wp-json\/wp\/v2\/comments?post=525"}],"version-history":[{"count":11,"href":"https:\/\/highlightspirit.fr\/index.php\/wp-json\/wp\/v2\/pages\/525\/revisions"}],"predecessor-version":[{"id":644,"href":"https:\/\/highlightspirit.fr\/index.php\/wp-json\/wp\/v2\/pages\/525\/revisions\/644"}],"wp:attachment":[{"href":"https:\/\/highlightspirit.fr\/index.php\/wp-json\/wp\/v2\/media?parent=525"}],"curies":[{"name":"wp","href":"https:\/\/api.w.org\/{rel}","templated":true}]}}