{"id":521,"date":"2022-11-01T18:29:54","date_gmt":"2022-11-01T17:29:54","guid":{"rendered":"https:\/\/highlightspirit.fr\/?page_id=521"},"modified":"2022-11-15T18:25:23","modified_gmt":"2022-11-15T17:25:23","slug":"qi-nei-tsang","status":"publish","type":"page","link":"https:\/\/highlightspirit.fr\/index.php\/qi-nei-tsang\/","title":{"rendered":"QI NEI TSANG"},"content":{"rendered":"\n<figure class=\"wp-block-audio\"><audio controls src=\"https:\/\/highlightspirit.fr\/wp-content\/uploads\/2021\/10\/One_of_Best_Piano_Song_ever_Une_des_plus_belles_.mp3\" autoplay loop><\/audio><\/figure>\n\n\n\n<div class=\"wp-block-image\"><figure class=\"aligncenter size-full\"><img decoding=\"async\" loading=\"lazy\" width=\"390\" height=\"357\" src=\"https:\/\/highlightspirit.fr\/wp-content\/uploads\/2022\/11\/massage-ventre-1.png\" alt=\"\" class=\"wp-image-522\" srcset=\"https:\/\/highlightspirit.fr\/wp-content\/uploads\/2022\/11\/massage-ventre-1.png 390w, https:\/\/highlightspirit.fr\/wp-content\/uploads\/2022\/11\/massage-ventre-1-300x275.png 300w\" sizes=\"(max-width: 390px) 100vw, 390px\" \/><\/figure><\/div>\n\n\n\n<p>Autrement appel\u00e9 \u00ab\u00a0Massage du ventre\u00a0\u00bb est un massage profond qui permet de r\u00e9\u00e9quilibrer la digestion, de r\u00e9duire les tensions pr\u00e9sentes dans le ventre mais aussi de redonner une belle \u00e9nergie au corps afin qu&rsquo;il retrouve un bel \u00e9quilibre. <\/p>\n\n\n\n<p>Ce massage est complet. Bien que cibl\u00e9 ventre, les autres parties du corps ne sont pas laiss\u00e9es pour compte. Le thorax, \u00e9paules et cr\u00e2ne sont bien chouchout\u00e9s \u00e9galement.<\/p>\n\n\n\n<p>La s\u00e9ance dure entre 1h et 1h15.<\/p>\n","protected":false},"excerpt":{"rendered":"<p>Autrement appel\u00e9 \u00ab\u00a0Massage du ventre\u00a0\u00bb est un massage profond qui permet de r\u00e9\u00e9quilibrer la digestion, de r\u00e9duire les tensions pr\u00e9sentes dans le ventre mais aussi de redonner une belle \u00e9nergie au corps afin qu&rsquo;il retrouve un bel \u00e9quilibre. Ce massage est complet. Bien que cibl\u00e9 ventre, les autres parties du corps ne sont pas laiss\u00e9es&#8230;<\/p>\n","protected":false},"author":1,"featured_media":0,"parent":0,"menu_order":0,"comment_status":"closed","ping_status":"closed","template":"","meta":{"kt_blocks_editor_width":"","_kad_post_transparent":"","_kad_post_title":"","_kad_post_layout":"","_kad_post_sidebar_id":"","_kad_post_content_style":"","_kad_post_vertical_padding":"","_kad_post_feature":"","_kad_post_feature_position":"","_kad_post_header":false,"_kad_post_footer":false},"_links":{"self":[{"href":"https:\/\/highlightspirit.fr\/index.php\/wp-json\/wp\/v2\/pages\/521"}],"collection":[{"href":"https:\/\/highlightspirit.fr\/index.php\/wp-json\/wp\/v2\/pages"}],"about":[{"href":"https:\/\/highlightspirit.fr\/index.php\/wp-json\/wp\/v2\/types\/page"}],"author":[{"embeddable":true,"href":"https:\/\/highlightspirit.fr\/index.php\/wp-json\/wp\/v2\/users\/1"}],"replies":[{"embeddable":true,"href":"https:\/\/highlightspirit.fr\/index.php\/wp-json\/wp\/v2\/comments?post=521"}],"version-history":[{"count":2,"href":"https:\/\/highlightspirit.fr\/index.php\/wp-json\/wp\/v2\/pages\/521\/revisions"}],"predecessor-version":[{"id":578,"href":"https:\/\/highlightspirit.fr\/index.php\/wp-json\/wp\/v2\/pages\/521\/revisions\/578"}],"wp:attachment":[{"href":"https:\/\/highlightspirit.fr\/index.php\/wp-json\/wp\/v2\/media?parent=521"}],"curies":[{"name":"wp","href":"https:\/\/api.w.org\/{rel}","templated":true}]}}