{"id":489,"date":"2022-11-01T17:37:58","date_gmt":"2022-11-01T16:37:58","guid":{"rendered":"https:\/\/highlightspirit.fr\/?page_id=489"},"modified":"2022-11-15T18:24:43","modified_gmt":"2022-11-15T17:24:43","slug":"access-bars-access-consciousness","status":"publish","type":"page","link":"https:\/\/highlightspirit.fr\/index.php\/access-bars-access-consciousness\/","title":{"rendered":"Access Bars\/ Access Consciousness"},"content":{"rendered":"\n<figure class=\"wp-block-audio\"><audio controls src=\"https:\/\/highlightspirit.fr\/wp-content\/uploads\/2021\/10\/One_of_Best_Piano_Song_ever_Une_des_plus_belles_.mp3\" autoplay loop><\/audio><\/figure>\n\n\n\n<div class=\"wp-block-image\"><figure class=\"aligncenter size-large is-resized\"><img decoding=\"async\" loading=\"lazy\" src=\"https:\/\/highlightspirit.fr\/wp-content\/uploads\/2022\/11\/Sans-titre-15-\u00d7-15-cm-1-1024x1024.png\" alt=\"\" class=\"wp-image-547\" width=\"828\" height=\"828\" srcset=\"https:\/\/highlightspirit.fr\/wp-content\/uploads\/2022\/11\/Sans-titre-15-\u00d7-15-cm-1-1024x1024.png 1024w, https:\/\/highlightspirit.fr\/wp-content\/uploads\/2022\/11\/Sans-titre-15-\u00d7-15-cm-1-300x300.png 300w, https:\/\/highlightspirit.fr\/wp-content\/uploads\/2022\/11\/Sans-titre-15-\u00d7-15-cm-1-100x100.png 100w, https:\/\/highlightspirit.fr\/wp-content\/uploads\/2022\/11\/Sans-titre-15-\u00d7-15-cm-1-600x600.png 600w, https:\/\/highlightspirit.fr\/wp-content\/uploads\/2022\/11\/Sans-titre-15-\u00d7-15-cm-1-150x150.png 150w, https:\/\/highlightspirit.fr\/wp-content\/uploads\/2022\/11\/Sans-titre-15-\u00d7-15-cm-1-768x768.png 768w, https:\/\/highlightspirit.fr\/wp-content\/uploads\/2022\/11\/Sans-titre-15-\u00d7-15-cm-1-1536x1536.png 1536w, https:\/\/highlightspirit.fr\/wp-content\/uploads\/2022\/11\/Sans-titre-15-\u00d7-15-cm-1.png 1772w\" sizes=\"(max-width: 828px) 100vw, 828px\" \/><\/figure><\/div>\n\n\n\n<p>Cr\u00e9\u00e9e par Gary Douglas en 1990, Access Consciousness est un outil extraordinaire. Il permet par des acupressions sur divers points (bars) de la t\u00eate de d\u00e9truire les croyances limitantes que l&rsquo;on a emmagasin\u00e9es depuis l&rsquo;enfance. L&rsquo;id\u00e9e d&rsquo;Access est de formater le disque dur (le cerveau) pour qu&rsquo;il atteigne son plus haut potentiel. <\/p>\n\n\n\n<p>A c\u00f4t\u00e9 de cela, la d\u00e9tente est quasi garantie dans 99% des cas. <\/p>\n\n\n\n<p>Mes retours clients ? D\u00e9tente extr\u00eame, am\u00e9lioration du sommeil, am\u00e9lioration des potentiels, voyages dans le temps, retours \u00e0 l&rsquo;enfance.<\/p>\n","protected":false},"excerpt":{"rendered":"<p>Cr\u00e9\u00e9e par Gary Douglas en 1990, Access Consciousness est un outil extraordinaire. Il permet par des acupressions sur divers points (bars) de la t\u00eate de d\u00e9truire les croyances limitantes que l&rsquo;on a emmagasin\u00e9es depuis l&rsquo;enfance. L&rsquo;id\u00e9e d&rsquo;Access est de formater le disque dur (le cerveau) pour qu&rsquo;il atteigne son plus haut potentiel. A c\u00f4t\u00e9 de&#8230;<\/p>\n","protected":false},"author":1,"featured_media":0,"parent":0,"menu_order":0,"comment_status":"closed","ping_status":"closed","template":"","meta":{"kt_blocks_editor_width":"","_kad_post_transparent":"","_kad_post_title":"","_kad_post_layout":"","_kad_post_sidebar_id":"","_kad_post_content_style":"","_kad_post_vertical_padding":"","_kad_post_feature":"","_kad_post_feature_position":"","_kad_post_header":false,"_kad_post_footer":false},"_links":{"self":[{"href":"https:\/\/highlightspirit.fr\/index.php\/wp-json\/wp\/v2\/pages\/489"}],"collection":[{"href":"https:\/\/highlightspirit.fr\/index.php\/wp-json\/wp\/v2\/pages"}],"about":[{"href":"https:\/\/highlightspirit.fr\/index.php\/wp-json\/wp\/v2\/types\/page"}],"author":[{"embeddable":true,"href":"https:\/\/highlightspirit.fr\/index.php\/wp-json\/wp\/v2\/users\/1"}],"replies":[{"embeddable":true,"href":"https:\/\/highlightspirit.fr\/index.php\/wp-json\/wp\/v2\/comments?post=489"}],"version-history":[{"count":4,"href":"https:\/\/highlightspirit.fr\/index.php\/wp-json\/wp\/v2\/pages\/489\/revisions"}],"predecessor-version":[{"id":577,"href":"https:\/\/highlightspirit.fr\/index.php\/wp-json\/wp\/v2\/pages\/489\/revisions\/577"}],"wp:attachment":[{"href":"https:\/\/highlightspirit.fr\/index.php\/wp-json\/wp\/v2\/media?parent=489"}],"curies":[{"name":"wp","href":"https:\/\/api.w.org\/{rel}","templated":true}]}}