{"id":393,"date":"2022-07-27T11:08:25","date_gmt":"2022-07-27T09:08:25","guid":{"rendered":"https:\/\/highlightspirit.fr\/?page_id=393"},"modified":"2022-11-15T18:21:19","modified_gmt":"2022-11-15T17:21:19","slug":"les-vertus-de-lart-therapie","status":"publish","type":"page","link":"https:\/\/highlightspirit.fr\/index.php\/les-vertus-de-lart-therapie\/","title":{"rendered":"Les vertus de l&rsquo;art th\u00e9rapie"},"content":{"rendered":"\n<figure class=\"wp-block-audio\"><audio controls src=\"https:\/\/highlightspirit.fr\/wp-content\/uploads\/2021\/10\/One_of_Best_Piano_Song_ever_Une_des_plus_belles_.mp3\" autoplay loop><\/audio><\/figure>\n\n\n\n<p>L\u2019art th\u00e9rapie repr\u00e9sente un impact multi b\u00e9n\u00e9fique. Faire de l\u2019art th\u00e9rapie, c\u2019est exploiter, c\u2019est aller en profondeur de soi pour puiser ses capacit\u00e9s cr\u00e9atrices enfouies, dans un but th\u00e9rapeutique et humaniste.&nbsp;<\/p>\n\n\n\n<p>L\u2019art th\u00e9rapie part du principe que les r\u00e9alisations artistiques peuvent avoir un effet gu\u00e9risseur. Elle&nbsp;a fait ses preuves chez de nombreux patients. Elle&nbsp;s\u2019adresse \u00e0 toutes et \u00e0 tous. Petits et grands. Aucune exp\u00e9rience ni connaissance artistique n\u2019est n\u00e9cessaire. Elle joue un r\u00f4le important \u00e0 de nombreux niveaux :<\/p>\n\n\n\n<ul><li>Aide \u00e0 la r\u00e9insertion sociale&nbsp;<\/li><\/ul>\n\n\n\n<ul><li>Troubles de l\u2019apprentissage et d\u00e9crochage scolaire&nbsp;<\/li><\/ul>\n\n\n\n<ul><li>Autisme&nbsp;<\/li><\/ul>\n\n\n\n<ul><li>Maladie d\u2019Alzheimer ou Parkinson<\/li><\/ul>\n\n\n\n<ul><li>Troubles \u00e9motionnels, d\u00e9pression\u2026<\/li><\/ul>\n\n\n\n<ul><li>Conditions de vie limitant le lien social&nbsp;<\/li><\/ul>\n\n\n\n<ul><li>Troubles neurologiques&nbsp;<\/li><\/ul>\n\n\n\n<ul><li>Personnes atteintes de cancer<\/li><\/ul>\n","protected":false},"excerpt":{"rendered":"<p>L\u2019art th\u00e9rapie repr\u00e9sente un impact multi b\u00e9n\u00e9fique. Faire de l\u2019art th\u00e9rapie, c\u2019est exploiter, c\u2019est aller en profondeur de soi pour puiser ses capacit\u00e9s cr\u00e9atrices enfouies, dans un but th\u00e9rapeutique et humaniste.&nbsp; L\u2019art th\u00e9rapie part du principe que les r\u00e9alisations artistiques peuvent avoir un effet gu\u00e9risseur. Elle&nbsp;a fait ses preuves chez de nombreux patients. Elle&nbsp;s\u2019adresse \u00e0&#8230;<\/p>\n","protected":false},"author":1,"featured_media":0,"parent":0,"menu_order":0,"comment_status":"closed","ping_status":"closed","template":"","meta":{"kt_blocks_editor_width":"","_kad_post_transparent":"","_kad_post_title":"","_kad_post_layout":"","_kad_post_sidebar_id":"","_kad_post_content_style":"","_kad_post_vertical_padding":"","_kad_post_feature":"","_kad_post_feature_position":"","_kad_post_header":false,"_kad_post_footer":false},"_links":{"self":[{"href":"https:\/\/highlightspirit.fr\/index.php\/wp-json\/wp\/v2\/pages\/393"}],"collection":[{"href":"https:\/\/highlightspirit.fr\/index.php\/wp-json\/wp\/v2\/pages"}],"about":[{"href":"https:\/\/highlightspirit.fr\/index.php\/wp-json\/wp\/v2\/types\/page"}],"author":[{"embeddable":true,"href":"https:\/\/highlightspirit.fr\/index.php\/wp-json\/wp\/v2\/users\/1"}],"replies":[{"embeddable":true,"href":"https:\/\/highlightspirit.fr\/index.php\/wp-json\/wp\/v2\/comments?post=393"}],"version-history":[{"count":2,"href":"https:\/\/highlightspirit.fr\/index.php\/wp-json\/wp\/v2\/pages\/393\/revisions"}],"predecessor-version":[{"id":576,"href":"https:\/\/highlightspirit.fr\/index.php\/wp-json\/wp\/v2\/pages\/393\/revisions\/576"}],"wp:attachment":[{"href":"https:\/\/highlightspirit.fr\/index.php\/wp-json\/wp\/v2\/media?parent=393"}],"curies":[{"name":"wp","href":"https:\/\/api.w.org\/{rel}","templated":true}]}}