{"id":284,"date":"2021-11-07T21:30:06","date_gmt":"2021-11-07T20:30:06","guid":{"rendered":"https:\/\/highlightspirit.fr\/?page_id=284"},"modified":"2022-11-08T19:47:21","modified_gmt":"2022-11-08T18:47:21","slug":"les-vertus-de-la-trame","status":"publish","type":"page","link":"https:\/\/highlightspirit.fr\/index.php\/les-vertus-de-la-trame\/","title":{"rendered":"Les vertus de la trame"},"content":{"rendered":"\n<figure class=\"wp-block-audio\"><audio controls src=\"https:\/\/highlightspirit.fr\/wp-content\/uploads\/2021\/10\/Feng_Shui_pour_triompher_des_obstacles_Musique_de.mp3\" autoplay loop><\/audio><figcaption>Un instant zen \u00e0 m\u00e9diter<\/figcaption><\/figure>\n\n\n\n<div class=\"wp-block-image is-style-rounded\"><figure class=\"aligncenter size-large\"><img decoding=\"async\" loading=\"lazy\" width=\"1024\" height=\"684\" src=\"https:\/\/highlightspirit.fr\/wp-content\/uploads\/2021\/10\/image-trame-1024x684.jpg\" alt=\"\" class=\"wp-image-25\" srcset=\"https:\/\/highlightspirit.fr\/wp-content\/uploads\/2021\/10\/image-trame-1024x684.jpg 1024w, https:\/\/highlightspirit.fr\/wp-content\/uploads\/2021\/10\/image-trame-scaled-600x401.jpg 600w, https:\/\/highlightspirit.fr\/wp-content\/uploads\/2021\/10\/image-trame-300x200.jpg 300w, https:\/\/highlightspirit.fr\/wp-content\/uploads\/2021\/10\/image-trame-768x513.jpg 768w, https:\/\/highlightspirit.fr\/wp-content\/uploads\/2021\/10\/image-trame-1536x1025.jpg 1536w, https:\/\/highlightspirit.fr\/wp-content\/uploads\/2021\/10\/image-trame-2048x1367.jpg 2048w\" sizes=\"(max-width: 1024px) 100vw, 1024px\" \/><\/figure><\/div>\n\n\n<style id=\"kt-blocks_fcb8b7-d9\">@media all and (min-width: 768px){#kt-layout-id_fcb8b7-d9 > .kt-row-column-wrap > .inner-column-1{flex:0 1 50%;-webkit-flex:0 1 50%;}#kt-layout-id_fcb8b7-d9 > .kt-row-column-wrap > .inner-column-2{flex:0 1 50%;-webkit-flex:0 1 50%;}}#kt-layout-id_fcb8b7-d9 > .kt-row-layout-overlay{background-color:var(--global-palette7, #EDF2F7);background-image:url('https:\/\/highlightspirit.fr\/wp-content\/uploads\/2021\/11\/pexels-evie-shaffer-2652346-scaled.jpg');background-size:cover;background-position:center center;background-attachment:scroll;background-repeat:no-repeat;}<\/style>\n<div class=\"wp-block-kadence-rowlayout alignnone\"><div id=\"kt-layout-id_fcb8b7-d9\" class=\"kt-row-layout-inner kt-row-has-bg kt-layout-id_fcb8b7-d9\"><div class=\"kt-row-layout-overlay kt-row-overlay-normal\"><\/div><div class=\"kt-row-column-wrap kt-has-2-columns kt-gutter-default kt-v-gutter-default kt-row-valign-top kt-row-layout-equal kt-tab-layout-inherit kt-m-colapse-left-to-right kt-mobile-layout-row  kt-custom-first-width-50  kt-custom-second-width-50\">\n<div class=\"wp-block-kadence-column inner-column-1 kadence-column_6f6b3f-14\"><div class=\"kt-inside-inner-col\">\n<h2>La trame pour qui?<\/h2>\n\n\n\n<ul><li>La trame s&rsquo;adresse \u00e0 tous, aussi bien aux enfants qu&rsquo;aux adultes.<\/li><\/ul>\n\n\n\n<div class=\"is-layout-flex wp-container-2 wp-block-columns\">\n<div class=\"is-layout-flow wp-block-column\">\n<h2 class=\"has-text-align-center\">Comment se passe une s\u00e9ance?<\/h2>\n\n\n\n<p>Une s\u00e9ance de Trame dure 45 min environ et respecte un protocole de 16 gestes. Le but de la s\u00e9ance est de se laisser aller. Accueillez ce qui vient sans jugement et sans peur. <\/p>\n<\/div>\n<\/div>\n<\/div><\/div>\n\n\n\n<div class=\"wp-block-kadence-column inner-column-2 kadence-column_791459-87\"><div class=\"kt-inside-inner-col\">\n<h2>La trame pour quoi?<\/h2>\n\n\n\n<ul><li>Elle est b\u00e9n\u00e9fique en compl\u00e9ment \u00e0 la m\u00e9decine traditionnelle dans le cas de soins pr\u00e9 et post op\u00e9ratoires afin de permettre au corps une meilleure r\u00e9cup\u00e9ration et \u00e9limination.<\/li><li>En soin \u00e9nerg\u00e9tique pour permettre aux cellules une meilleure circulation de l&rsquo;information donc un meilleur \u00e9quilibre.<\/li><li>En aide dans des p\u00e9riodes critiques de la vie (grand stress, passage de concours, divorce, d\u00e9cision d\u00e9licate, etc)<\/li><\/ul>\n\n\n\n<div class=\"is-layout-flex wp-container-4 wp-block-columns\">\n<div class=\"is-layout-flow wp-block-column\"><\/div>\n<\/div>\n<\/div><\/div>\n<\/div><\/div><\/div>\n","protected":false},"excerpt":{"rendered":"","protected":false},"author":1,"featured_media":0,"parent":0,"menu_order":0,"comment_status":"closed","ping_status":"closed","template":"","meta":{"kt_blocks_editor_width":"","_kad_post_transparent":"","_kad_post_title":"","_kad_post_layout":"","_kad_post_sidebar_id":"","_kad_post_content_style":"","_kad_post_vertical_padding":"","_kad_post_feature":"","_kad_post_feature_position":"","_kad_post_header":false,"_kad_post_footer":false},"_links":{"self":[{"href":"https:\/\/highlightspirit.fr\/index.php\/wp-json\/wp\/v2\/pages\/284"}],"collection":[{"href":"https:\/\/highlightspirit.fr\/index.php\/wp-json\/wp\/v2\/pages"}],"about":[{"href":"https:\/\/highlightspirit.fr\/index.php\/wp-json\/wp\/v2\/types\/page"}],"author":[{"embeddable":true,"href":"https:\/\/highlightspirit.fr\/index.php\/wp-json\/wp\/v2\/users\/1"}],"replies":[{"embeddable":true,"href":"https:\/\/highlightspirit.fr\/index.php\/wp-json\/wp\/v2\/comments?post=284"}],"version-history":[{"count":7,"href":"https:\/\/highlightspirit.fr\/index.php\/wp-json\/wp\/v2\/pages\/284\/revisions"}],"predecessor-version":[{"id":558,"href":"https:\/\/highlightspirit.fr\/index.php\/wp-json\/wp\/v2\/pages\/284\/revisions\/558"}],"wp:attachment":[{"href":"https:\/\/highlightspirit.fr\/index.php\/wp-json\/wp\/v2\/media?parent=284"}],"curies":[{"name":"wp","href":"https:\/\/api.w.org\/{rel}","templated":true}]}}